{"id":838,"date":"2024-11-12T11:41:15","date_gmt":"2024-11-12T11:41:15","guid":{"rendered":"https:\/\/czarakcziew.com\/?page_id=838"},"modified":"2025-05-08T07:14:40","modified_gmt":"2025-05-08T07:14:40","slug":"czarakcziew-and-jazz-cats","status":"publish","type":"page","link":"https:\/\/czarakcziew.com\/index.php\/czarakcziew-and-jazz-cats\/","title":{"rendered":"Czarakcziew and the Jazz Cats"},"content":{"rendered":"<style>.kb-row-layout-id838_d6aeaf-5a > .kt-row-column-wrap{align-content:start;}:where(.kb-row-layout-id838_d6aeaf-5a > .kt-row-column-wrap) > .wp-block-kadence-column{justify-content:start;}.kb-row-layout-id838_d6aeaf-5a > .kt-row-column-wrap{column-gap:var(--global-kb-gap-md, 2rem);row-gap:var(--global-kb-gap-md, 2rem);padding-top:var(--global-kb-spacing-sm, 1.5rem);padding-bottom:var(--global-kb-spacing-sm, 1.5rem);grid-template-columns:repeat(2, minmax(0, 1fr));}.kb-row-layout-id838_d6aeaf-5a > .kt-row-layout-overlay{opacity:0.30;}@media all and (max-width: 1024px){.kb-row-layout-id838_d6aeaf-5a > .kt-row-column-wrap{grid-template-columns:repeat(2, minmax(0, 1fr));}}@media all and (max-width: 767px){.kb-row-layout-id838_d6aeaf-5a > .kt-row-column-wrap{grid-template-columns:minmax(0, 1fr);}}<\/style><div class=\"kb-row-layout-wrap kb-row-layout-id838_d6aeaf-5a alignnone wp-block-kadence-rowlayout\"><div class=\"kt-row-column-wrap kt-has-2-columns kt-row-layout-equal kt-tab-layout-inherit kt-mobile-layout-row kt-row-valign-top\">\n<style>.kadence-column838_a4cbdc-ef > .kt-inside-inner-col,.kadence-column838_a4cbdc-ef > .kt-inside-inner-col:before{border-top-left-radius:0px;border-top-right-radius:0px;border-bottom-right-radius:0px;border-bottom-left-radius:0px;}.kadence-column838_a4cbdc-ef > .kt-inside-inner-col{column-gap:var(--global-kb-gap-sm, 1rem);}.kadence-column838_a4cbdc-ef > .kt-inside-inner-col{flex-direction:column;}.kadence-column838_a4cbdc-ef > .kt-inside-inner-col > .aligncenter{width:100%;}.kadence-column838_a4cbdc-ef > .kt-inside-inner-col:before{opacity:0.3;}.kadence-column838_a4cbdc-ef{position:relative;}@media all and (max-width: 1024px){.kadence-column838_a4cbdc-ef > .kt-inside-inner-col{flex-direction:column;}}@media all and (max-width: 767px){.kadence-column838_a4cbdc-ef > .kt-inside-inner-col{flex-direction:column;}}<\/style>\n<div class=\"wp-block-kadence-column kadence-column838_a4cbdc-ef\"><div class=\"kt-inside-inner-col\">\n<figure class=\"wp-block-image size-large\"><img loading=\"lazy\" decoding=\"async\" width=\"1024\" height=\"980\" src=\"https:\/\/czarakcziew.com\/wp-content\/uploads\/2024\/11\/tlotelefon-1-1024x980.png\" alt=\"\" class=\"wp-image-840\" srcset=\"https:\/\/czarakcziew.com\/wp-content\/uploads\/2024\/11\/tlotelefon-1-1024x980.png 1024w, https:\/\/czarakcziew.com\/wp-content\/uploads\/2024\/11\/tlotelefon-1-300x287.png 300w, https:\/\/czarakcziew.com\/wp-content\/uploads\/2024\/11\/tlotelefon-1-768x735.png 768w, https:\/\/czarakcziew.com\/wp-content\/uploads\/2024\/11\/tlotelefon-1-1536x1470.png 1536w, https:\/\/czarakcziew.com\/wp-content\/uploads\/2024\/11\/tlotelefon-1-2048x1960.png 2048w, https:\/\/czarakcziew.com\/wp-content\/uploads\/2024\/11\/tlotelefon-1-600x574.png 600w\" sizes=\"auto, (max-width: 1024px) 100vw, 1024px\" \/><\/figure>\n\n\n<style>.wp-block-kadence-advancedbtn.kb-btns838_fec98b-c8{gap:var(--global-kb-gap-xs, 0.5rem );justify-content:center;align-items:center;}.kt-btns838_fec98b-c8 .kt-button{font-weight:normal;font-style:normal;}.kt-btns838_fec98b-c8 .kt-btn-wrap-0{margin-right:5px;}.wp-block-kadence-advancedbtn.kt-btns838_fec98b-c8 .kt-btn-wrap-0 .kt-button{color:#555555;border-color:#555555;}.wp-block-kadence-advancedbtn.kt-btns838_fec98b-c8 .kt-btn-wrap-0 .kt-button:hover, .wp-block-kadence-advancedbtn.kt-btns838_fec98b-c8 .kt-btn-wrap-0 .kt-button:focus{color:#ffffff;border-color:#444444;}.wp-block-kadence-advancedbtn.kt-btns838_fec98b-c8 .kt-btn-wrap-0 .kt-button::before{display:none;}.wp-block-kadence-advancedbtn.kt-btns838_fec98b-c8 .kt-btn-wrap-0 .kt-button:hover, .wp-block-kadence-advancedbtn.kt-btns838_fec98b-c8 .kt-btn-wrap-0 .kt-button:focus{background:#444444;}<\/style>\n<div class=\"wp-block-kadence-advancedbtn kb-buttons-wrap kb-btns838_fec98b-c8\"><style>ul.menu .wp-block-kadence-advancedbtn .kb-btn838_25ed6e-e9.kb-button{width:initial;}@media all and (max-width: 1024px){.kb-btn838_25ed6e-e9.kb-button .kb-svg-icon-wrap{display:block;}}<\/style><a class=\"kb-button kt-button button kb-btn838_25ed6e-e9 kt-btn-size-standard kt-btn-width-type-auto kb-btn-global-fill kt-btn-has-text-true kt-btn-has-svg-false wp-block-kadence-singlebtn\" href=\"https:\/\/jazzcats.pl\"><span class=\"kt-btn-inner-text\">website<\/span><\/a><\/div>\n<\/div><\/div>\n\n\n<style>.kadence-column838_90c700-f7 > .kt-inside-inner-col,.kadence-column838_90c700-f7 > .kt-inside-inner-col:before{border-top-left-radius:0px;border-top-right-radius:0px;border-bottom-right-radius:0px;border-bottom-left-radius:0px;}.kadence-column838_90c700-f7 > .kt-inside-inner-col{column-gap:var(--global-kb-gap-sm, 1rem);}.kadence-column838_90c700-f7 > .kt-inside-inner-col{flex-direction:column;}.kadence-column838_90c700-f7 > .kt-inside-inner-col > .aligncenter{width:100%;}.kadence-column838_90c700-f7 > .kt-inside-inner-col:before{opacity:0.3;}.kadence-column838_90c700-f7{position:relative;}@media all and (max-width: 1024px){.kadence-column838_90c700-f7 > .kt-inside-inner-col{flex-direction:column;}}@media all and (max-width: 767px){.kadence-column838_90c700-f7 > .kt-inside-inner-col{flex-direction:column;}}<\/style>\n<div class=\"wp-block-kadence-column kadence-column838_90c700-f7\"><div class=\"kt-inside-inner-col\">\n<p>Czarakcziew and the Jazz Cats\u00a0is a quartet that has been exploring the boundaries of jazz since 2020, adding a unique element of the cello to this fascinating musical narrative. Founded by cellist Pawe\u0142 Czarakcziew, the group seamlessly fuses classical, film music, and avant-garde influences with modern jazz improvisation, resulting in an authentic yet refreshingly innovative sound.<\/p>\n\n\n\n<p>The ensemble\u2019s members are distinguished graduates of top music academies in Poland, recognized for their accomplishments in national and international competitions. Whether&nbsp;delivering original compositions or reimagining classic jazz standards, they exude synergy and spontaneity that captivate audiences. Their creative approach draws inspiration from pioneering figures like Fred Katz, Buddy Collette, and Chico Hamilton.<\/p>\n\n\n\n<p><br>This distinctive style has drawn the attention of icons like&nbsp;John Densmore&nbsp;(The Doors), who lauded their work for integrating a traditionally classical instrument into a \u201cswingin\u2019 jazz ensemble.\u201d The band\u2019s commitment to breaking musical barriers led them to Los Angeles in 2023, where they recorded a project in homage to Fred Katz, bridging jazz history with contemporary exploration.<\/p>\n\n\n\n<p>members:<\/p>\n\n\n\n<p>Pawe\u0142 Czarakcziew &#8211; cello<br>Przemys\u0142aw Stefa\u0144czyk &#8211; piano<br>Miko\u0142aj Sikora &#8211; double bass<br>Tomasz Starowicz &#8211; drums<\/p>\n\n\n\n<p><\/p>\n\n\n\n<p><\/p>\n<\/div><\/div>\n\n<\/div><\/div>","protected":false},"excerpt":{"rendered":"<p>Czarakcziew and the Jazz Cats\u00a0is a quartet that has been exploring the boundaries of jazz since 2020, adding a unique element of the cello to this fascinating musical narrative. Founded by cellist Pawe\u0142 Czarakcziew, the group seamlessly fuses classical, film music, and avant-garde influences with modern jazz improvisation, resulting in an authentic yet refreshingly innovative&#8230;<\/p>\n","protected":false},"author":1,"featured_media":0,"parent":0,"menu_order":0,"comment_status":"closed","ping_status":"closed","template":"","meta":{"_kadence_starter_templates_imported_post":false,"_kad_post_transparent":"","_kad_post_title":"","_kad_post_layout":"","_kad_post_sidebar_id":"","_kad_post_content_style":"","_kad_post_vertical_padding":"","_kad_post_feature":"","_kad_post_feature_position":"","_kad_post_header":false,"_kad_post_footer":false,"footnotes":""},"class_list":["post-838","page","type-page","status-publish","hentry"],"_links":{"self":[{"href":"https:\/\/czarakcziew.com\/index.php\/wp-json\/wp\/v2\/pages\/838","targetHints":{"allow":["GET"]}}],"collection":[{"href":"https:\/\/czarakcziew.com\/index.php\/wp-json\/wp\/v2\/pages"}],"about":[{"href":"https:\/\/czarakcziew.com\/index.php\/wp-json\/wp\/v2\/types\/page"}],"author":[{"embeddable":true,"href":"https:\/\/czarakcziew.com\/index.php\/wp-json\/wp\/v2\/users\/1"}],"replies":[{"embeddable":true,"href":"https:\/\/czarakcziew.com\/index.php\/wp-json\/wp\/v2\/comments?post=838"}],"version-history":[{"count":0,"href":"https:\/\/czarakcziew.com\/index.php\/wp-json\/wp\/v2\/pages\/838\/revisions"}],"wp:attachment":[{"href":"https:\/\/czarakcziew.com\/index.php\/wp-json\/wp\/v2\/media?parent=838"}],"curies":[{"name":"wp","href":"https:\/\/api.w.org\/{rel}","templated":true}]}}